{"id":62,"date":"2024-08-11T12:47:51","date_gmt":"2024-08-11T12:47:51","guid":{"rendered":"https:\/\/motorradfreunde-ssb.de\/?page_id=62"},"modified":"2026-02-15T12:29:31","modified_gmt":"2026-02-15T12:29:31","slug":"start","status":"publish","type":"page","link":"https:\/\/motorradfreunde-ssb.de\/Start\/","title":{"rendered":"Start"},"content":{"rendered":"\n<p class=\"has-theme-palette-2-color has-text-color has-link-color has-larger-font-size wp-elements-90cbc6c37699c889f2ed8038fe0a09dc\"><strong>Motorradfreunde im Sozialwerk der SSB e.V.<\/strong><\/p>\n\n\n\n<p>Herzlich willkommen!<\/p>\n\n\n\n<p>Wir sind ein geselliges, unkompliziertes und vielseitig interessiertes V\u00f6lkchen, das Spa\u00df am Motorradfahren und Geselligsein hat.<\/p>\n\n\n\n<p>Wir betreiben weder Motorsport, noch Zeitfahren. Ziel ist es vielmehr, einen sinnvollen Umgang mit dem Motorrad zu vermitteln und Sicherheitstrainings und Ausfahrten zu organisieren. Das Tempo richtet sich bei Ausfahrten nach dem jeweils vermutlich langsamsten Tourenmitglied. Bei mehrt\u00e4gigen Touren kommt auch mal der clubeigene Anh\u00e4nger zum Motorrad- und Gep\u00e4cktransport zum Einsatz. F\u00fcr die Treffen daheim hat sich die Abteilung einen Clubraum auf dem Betriebsgel\u00e4nde im SSB Zentrum eingerichtet.<\/p>\n\n\n\n<p>Alle zwei Wochen findet freitags in der geraden Kalenderwoche ein Stammtisch im Clubraum statt. Dazu kommen gemeinsame Unternehmungen aller Art und Feiern. Das Jahresprogramm gibt es rechtzeitig im Voraus. <\/p>\n\n\n\n<p>Zweiradfahrerinnen oder -fahrer samt Sozia oder Sozius sind immer willkommen. Sowohl Motorr\u00e4der, als auch gr\u00f6\u00dfere Roller sind vertreten. Der fahrbare Untersatz sollte allerdings tourentauglich sein. An den Ausfahrten k\u00f6nnen auch G\u00e4ste teilnehmen. <\/p>\n\n\n\n<p>Die Motorradfreunde erheben keinen gesonderten Beitrag, da das Sozialwerk den Mitgliedsbeitrag erhebt. Bei den Ausfahrten fallen allerdings Kosten f\u00fcr Treibstoff, Essen, oder \u00dcbernachtungen an, die jeder Teilnehmer selbst tr\u00e4gt.<\/p>\n\n\n\n<p class=\"has-medium-font-size\">Ca. 65 Mitgliedschaften mit ungef\u00e4hr 80 Mitgliedern zwischen 17 und 77 Jahren sind zur Zeit dabei. Unterwegs bei den Ausfahrten sind davon aber weitaus weniger.<\/p>\n\n\n\n<p class=\"has-medium-font-size\"><strong>Aufgrund der Vorgaben der SSB und des Sozialwerks d\u00fcrfen wir ausschlie\u00dflich SSB MitarbeiterInnen als Mitglieder aufnehmen. Betriebsfremde k\u00f6nnen nur als &#8222;Gast&#8220; teilnehmen. Wir bitten um Verst\u00e4ndnis!<\/strong><\/p>\n\n\n\n<p>Kontakt: <a href=\"mailto:tibor.walter@sozialwerk-ssb.de\">tibor.walter@sozialwerk-ssb.de<\/a><\/p>\n\n\n\n<p class=\"has-theme-palette-2-color has-text-color has-link-color wp-elements-eed98f0f4afeedad66dd3daa170e4c34\"><strong>Hier geht&#8217;s zu unserem Trailer: <\/strong><a href=\"https:\/\/www.youtube.com\/watch?v=HFlS29BdfQ8\" target=\"_blank\" rel=\"noreferrer noopener\">klick mich an<\/a><\/p>\n\n\n\n<figure class=\"wp-block-image size-full\"><img loading=\"lazy\" decoding=\"async\" width=\"968\" height=\"455\" src=\"https:\/\/motorradfreunde-ssb.de\/wp-content\/uploads\/2024\/09\/MF-Trailer-Bild.jpg\" alt=\"\" class=\"wp-image-100\" srcset=\"https:\/\/motorradfreunde-ssb.de\/wp-content\/uploads\/2024\/09\/MF-Trailer-Bild.jpg 968w, https:\/\/motorradfreunde-ssb.de\/wp-content\/uploads\/2024\/09\/MF-Trailer-Bild-300x141.jpg 300w, https:\/\/motorradfreunde-ssb.de\/wp-content\/uploads\/2024\/09\/MF-Trailer-Bild-768x361.jpg 768w\" sizes=\"auto, (max-width: 968px) 100vw, 968px\" \/><\/figure>\n","protected":false},"excerpt":{"rendered":"<p>Motorradfreunde im Sozialwerk der SSB e.V. Herzlich willkommen! Wir sind ein geselliges, unkompliziertes und vielseitig interessiertes V\u00f6lkchen, das Spa\u00df am Motorradfahren und Geselligsein hat. Wir betreiben weder Motorsport, noch Zeitfahren&#8230;.<\/p>\n","protected":false},"author":1,"featured_media":0,"parent":0,"menu_order":0,"comment_status":"closed","ping_status":"closed","template":"","meta":{"_kad_post_transparent":"","_kad_post_title":"","_kad_post_layout":"","_kad_post_sidebar_id":"","_kad_post_content_style":"","_kad_post_vertical_padding":"","_kad_post_feature":"","_kad_post_feature_position":"","_kad_post_header":false,"_kad_post_footer":false,"_kad_post_classname":"","footnotes":""},"class_list":["post-62","page","type-page","status-publish","hentry"],"_links":{"self":[{"href":"https:\/\/motorradfreunde-ssb.de\/Start\/wp-json\/wp\/v2\/pages\/62","targetHints":{"allow":["GET"]}}],"collection":[{"href":"https:\/\/motorradfreunde-ssb.de\/Start\/wp-json\/wp\/v2\/pages"}],"about":[{"href":"https:\/\/motorradfreunde-ssb.de\/Start\/wp-json\/wp\/v2\/types\/page"}],"author":[{"embeddable":true,"href":"https:\/\/motorradfreunde-ssb.de\/Start\/wp-json\/wp\/v2\/users\/1"}],"replies":[{"embeddable":true,"href":"https:\/\/motorradfreunde-ssb.de\/Start\/wp-json\/wp\/v2\/comments?post=62"}],"version-history":[{"count":14,"href":"https:\/\/motorradfreunde-ssb.de\/Start\/wp-json\/wp\/v2\/pages\/62\/revisions"}],"predecessor-version":[{"id":472,"href":"https:\/\/motorradfreunde-ssb.de\/Start\/wp-json\/wp\/v2\/pages\/62\/revisions\/472"}],"wp:attachment":[{"href":"https:\/\/motorradfreunde-ssb.de\/Start\/wp-json\/wp\/v2\/media?parent=62"}],"curies":[{"name":"wp","href":"https:\/\/api.w.org\/{rel}","templated":true}]}}