{"id":324,"date":"2025-03-26T19:22:56","date_gmt":"2025-03-26T19:22:56","guid":{"rendered":"https:\/\/motorradfreunde-ssb.de\/Start\/?page_id=324"},"modified":"2025-12-26T12:29:34","modified_gmt":"2025-12-26T12:29:34","slug":"2024-2","status":"publish","type":"page","link":"https:\/\/motorradfreunde-ssb.de\/Start\/berichte-galerie\/2024-2\/","title":{"rendered":"2024"},"content":{"rendered":"\n<ul class=\"wp-block-list\">\n<li style=\"font-size:26px\">13.10.2024 Saisonabschluss Motorradmuseum Neckarsulm<\/li>\n<\/ul>\n\n\n\n<p class=\"has-small-font-size\">Als Wetterhexe hatte ich f\u00fcr unseren Saisonabschluss bestes Motorradwetter bestellt und geliefert bekommen. Am Clubheim trafen wir jedoch nur unseren treuen Mitfahrer Dietmar Thoms \u2026 sonst hatte sich keiner aus dem Haus getraut. Schade \u2026<br>Dabei war das Wetter perfekt \u2013 trocken und sonnig, Temperaturen angenehm. Und das die ganzen 170 Kilometer lang! Wir d\u00fcsten p\u00fcnktlich um Zehn los, sammelten unterwegs noch Katrin und Peter Hartmann auf und schl\u00e4ngelten uns gem\u00fctlich auf 3 Mopeds \u00fcber weitgehend abgetrocknete Stra\u00dfen KleinKlein gen Neckarsulm. Bevor wir das Zweirad und NSU Museum enterten, schlemmten wir F\u00fcnf im \u201eNeckarSulmer Brauhaus\u201c. Tolles Ambiente und leckere Hausmannskost versch\u00f6nten unsere Mittagspause.<br>An der Museumskasse staunten wir nicht schlecht dar\u00fcber, dass man als Motorradfahrer erm\u00e4\u00dfigten Eintritt bezahlt! Und alles kostenfrei in abschlie\u00dfbaren Schr\u00e4nkchen verstauen kann! Wir verbrachten zwei interessante Stunden in diesem unglaublichen Museum: Artefakte aus s\u00e4mtlichen Zweiradepochen, vom Roller aus den F\u00fcnfzigern, NSU Autos, l\u00e4ngst vergessene Auto\/Motorradmarken, \u00fcber Hochr\u00e4der, Fahrr\u00e4der, Rennmaschinen und Motorr\u00e4der aus den 1970\/1980 Jahren konnten wir in aller Ruhe bestaunen und in manch Erinnerung schwelgen. Unser Dietmar Thoms erkl\u00e4rte am einen oder anderen Ausstellungsst\u00fcck, eing\u00e4ngig die Funktionsweise. Danke daf\u00fcr! Zurzeit werden dort au\u00dferdem in einer Sonderausstellung englische Motorr\u00e4der aus Urzeiten pr\u00e4sentiert: \u201eEnglish Beauties\u201c. Da haben Tibor und ich doch tats\u00e4chlich die Urmutter unseres Motorrads, eine TRIUMPH Tiger Explorer, gesehen: eine TRIUMPH Tiger aus dem Jahr 1939!!!! Was f\u00fcr ein himmelweiter Unterschied von 1939 zu heute!<br>Herzlichen Dank auch an unseren Jochi f\u00fcr den Museumstipp!!!<br>Nun war es doch tats\u00e4chlich schon Halbf\u00fcnf, als wir das Museum verlie\u00dfen. Und so entschieden wir uns dazu, noch en wenig auf sch\u00f6nen Bahnen gen Pleidelsheim zu fahren, um das goldene, herbstliche Sonnenlicht zu genie\u00dfen, bevor die Sonne am Horizont verschwindet. An einer Tanke in Autobahnn\u00e4he verabschiedeten wir uns herzlichst und huschten \u00fcber die Autobahn fluchs nach Hause. Jetzt freuen wir uns schon sehr auf unsere noch anstehenden \u201eIndoor\u201c-Aktivit\u00e4ten in diesem Jahr.<br>Text: Uta <\/p>\n\n\n\n<p class=\"has-small-font-size\">Fotoalbum: <a href=\"https:\/\/photos.app.goo.gl\/ar9evcjG8EVAWBU78\" target=\"_blank\" rel=\"noreferrer noopener\">Museum Neckarsulm<\/a><\/p>\n\n\n\n<ul class=\"wp-block-list\">\n<li style=\"font-size:26px\">15.09.2024 Bauern- und Technikmuseum Eschach<\/li>\n<\/ul>\n\n\n\n<p class=\"has-small-font-size\">Nach mehrmaliger Routenumstellung wegen Stra\u00dfensperrungen und Bauarbeiten musste die Tour nochmal ge\u00e4ndert werden, da ein gro\u00dfes Radrennen in Stuttgart und Umgebung stattfand.<br>Trotz niedriger Temperaturen, 10\u00b0C bei Abfahrt um 10:00 Uhr, fanden sich 8 Motorbiker und eine Motorbikerin am Treffpunkt ein. J\u00f6rg\u00b4s Tour f\u00fchrte \u00fcber Alth\u00fctte in Richtung Gschwend. Am Rand des Welzheimer Walds, kehrten wir in Frickenhofen im Landgasthof \u201eSonne\u201c ein. Die Wirtin war sehr herzlich und tischte sehr gute Speisen und Getr\u00e4nke auf. Sie w\u00fcrde sich sehr freuen, wenn wir wieder mal bei ihr einkehren w\u00fcrden.<br>Anschlie\u00dfend ging es in das Schw\u00e4bische Bauern- und Technikmuseum Kiemele in Eschach\/Seifertshofen. Dort gab es ca. 90000 Objekte zu bestaunen. Besonders beeindruckend waren Panzer, Hubschrauber und andere Flugobjekte, sowie Motorr\u00e4der und Mopeds aus lang vergangenen Zeiten. Die Heimreise f\u00fchrte uns \u00fcber Durlangen, Lorch und Winterbach. Zum Gl\u00fcck waren in der Zwischenzeit die Sperrungen um Stuttgart wieder aufgehoben. So konnten wir \u00fcber das Aichtal, ohne Umwege, nach Vaihingen gelangen.<br>Ein Dank an Alle, die trotz K\u00e4lte dabei waren.<br>Text: Geli<br>Fotoalbum: <a href=\"https:\/\/photos.app.goo.gl\/qDmPdKmVaWX5ZyCX6\" target=\"_blank\" rel=\"noreferrer noopener\">Museum Kiemele<\/a><\/p>\n\n\n\n<ul class=\"wp-block-list\">\n<li style=\"font-size:26px\">23. &#8211; 25.08.2024 Wochenendtour Taunus<\/li>\n<\/ul>\n\n\n\n<p class=\"has-small-font-size\">Mit 16 Teilnehmern machten wir uns ab Clubheim gen Kelkheim-M\u00fcnster auf, um ein abwechslungsreiches Motorradfreunde-Wochenende zu verbringen. Die Hinfahrt hatte unser Pr\u00e4si Tibor ausgearbeitet und es war ihm eine sch\u00f6ne Mischung aus Landstra\u00dfen, kleineren Asphaltb\u00e4ndern und ein St\u00fcckchen Autobahn gelungen. Nach der Ankunft mussten wir erst einmal literweise Wasser trinken, um unseren Fl\u00fcssigkeitshaushalt auszugleichen. Nach den Zimmerbez\u00fcgen pflegten wir unsere Jahrzehnte w\u00e4hrende Tradition des gem\u00fctlichen Beisammenseins.<br>Unser Samstagsguide, Vice President J\u00f6rg, rief jedoch zum fr\u00fchen Morgenappell um Halbneun. Angesichts der Aussicht auf gut \u00fcber 30\u00b0C, vielf\u00e4ltigen Unternehmungen, die mit herrlichen Streckenabschnitten gew\u00fcrzt waren, war der zeitige Start perfekt. Der Taunus begeisterte uns schon auf den ersten Kilometern mit seiner Landschaft und lie\u00df uns bei moderaten Temperaturen die Kristallh\u00f6hle in Kuhbach bei Wei\u00dfburg erreichen. Hier konnte wahlweise die H\u00f6hle oder das Steunmuseum besucht werden. Die H\u00f6hlenf\u00fchrung war jede M\u00fche wert. Denn wir durften ca. 400 Stufen in den Berg hinabsteigen, um diese auch wieder gen Tageslicht nach oben schnaufen. Es lohnte sich jede Sekunde dieser ca. eine Stunde dauernden Exkursion. Unsere F\u00fchrerin erkl\u00e4rte alles richtig gut und beantwortete auch alle Fragen der Besucher mit Leidenschaft. Nach der k\u00fchlen, feuchten H\u00f6hle sattelten wir unsere R\u00f6sser, um gen Limburg zu cruisen. J\u00f6rg lud zu einer kurzen Stippvisite zum Limburger Dom ein. Dieses faszinierende Kirchenbauwerk der Extraklasse zierte von 1964 an zu DM-Zeiten unsere 1000er Scheine. Davon wurden \u00fcbrigens 122 Millionen in Umlauf gebracht!<br>Unser n\u00e4chstes Highlight war eine entspannende Schifffahrt auf der Lahn. Zum Gl\u00fcck war das Oberdeck f\u00fcr eine gro\u00dfen Gruppen reserviert . So durften wir uns \u201enur\u201c im \u00fcberdachten Teil des Schiffes, ein Pl\u00e4tzchen suchen. Ein Geschenk der G\u00f6tter \u2013 denn von uns hatte keiner Lust mit den Schutzklamotten \u2013 meist in kleidsamen Schwarz \u2013 zwei Stunden in der prallen Sonne zu brutzeln. Zum Gl\u00fcck war unser Tino mit dem Auto dabei und verwahrte unsere sperrigen Jacken und Helme derweil im Kofferraum.<br>Unsere R\u00fcckfahrt zum Hotel hatte J\u00f6rg ebenfalls toll geplant \u2013 wenig Schatten, daf\u00fcr aber breite Bahnen, die auch z\u00fcgiger befahren werden konnten. Der Fahrtwind war herrlich! Am Abend lie\u00dfen wir nach erfrischender Dusche, unsere ausgetrockneten Kehlen im Biergarten befeuchten und lauschten unseren Anekdoten.<br>Der Abreisesonntag kam wie immer viel zu rasch. Bekanntlich soll man ja auch aufh\u00f6ren, wenn es am Sch\u00f6nsten ist. Tibor lotste uns nun auf sch\u00f6nen Strecken wieder gen Stuttgart. In Neuenstadt am Kocher verabschiedeten wir uns von einander , so dass jeder in seinem Tempo \u00fcber die A81 d\u00fcsen konnte.<br>Danke an unsere Guides, die uns mit diesen fantastischen gut 700 Kilometern am Wochenende beschenkt haben!<br>Text Uta <\/p>\n\n\n\n<p class=\"has-small-font-size\">Fotoalbum: <a href=\"https:\/\/photos.app.goo.gl\/jpcU6UuQRasiYd8w7\" target=\"_blank\" rel=\"noreferrer noopener\">WE-Tour Taunus<\/a><\/p>\n\n\n\n<ul class=\"wp-block-list\">\n<li style=\"font-size:26px\">11.08.2024 Tour de K\u00fcrvle (schw\u00e4bische Alb)<\/li>\n<\/ul>\n\n\n\n<p class=\"has-small-font-size\">Am Sonntag 11. August machten sich bei sch\u00f6nstem Sonnenschein sieben Moto-biker auf zur Tour de K\u00fcrvle. \u00dcber Lenningen \/ Bad Urach fuhren wir die Steigen auf und ab. Ein besonderes Highlight war die Gutenbergsteige, die lange Zeit gesperrt war. Der besonders gute Belag zauberte ein L\u00e4cheln in die Gesichter. Die Vielfalt der Kurven begeisterte die Tour &#8211; Teilnehmer. Das Mittagessen lie\u00dfen wir uns auf der Terrasse vom Gr\u00fcnen Baum in St. Johann\/Lonsingen schmecken. Gut gest\u00e4rkt ging es \u00fcber Spitzkehren der Sirchinger Steige nach Neckartenzlingen. Da die Temperaturen bei \u00fcber 30\u00b0C lagen, kamen wir am Ende ganz sch\u00f6n ins Schwitzen. Wir verabschiedeten uns an der Tankstelle in Neckartenzlingen, blieben aber noch zusammen bis Vaihingen.<br>Text: Geli<\/p>\n\n\n\n<figure class=\"wp-block-gallery has-nested-images columns-default is-cropped wp-block-gallery-1 is-layout-flex wp-block-gallery-is-layout-flex\">\n<figure class=\"wp-block-image size-large\"><img loading=\"lazy\" decoding=\"async\" width=\"1024\" height=\"461\" data-id=\"139\" src=\"https:\/\/motorradfreunde-ssb.de\/wp-content\/uploads\/2024\/10\/TdK1-1-1024x461.jpeg\" alt=\"\" class=\"wp-image-139\" srcset=\"https:\/\/motorradfreunde-ssb.de\/wp-content\/uploads\/2024\/10\/TdK1-1-1024x461.jpeg 1024w, https:\/\/motorradfreunde-ssb.de\/wp-content\/uploads\/2024\/10\/TdK1-1-300x135.jpeg 300w, https:\/\/motorradfreunde-ssb.de\/wp-content\/uploads\/2024\/10\/TdK1-1-768x346.jpeg 768w, https:\/\/motorradfreunde-ssb.de\/wp-content\/uploads\/2024\/10\/TdK1-1-1536x691.jpeg 1536w, https:\/\/motorradfreunde-ssb.de\/wp-content\/uploads\/2024\/10\/TdK1-1.jpeg 2000w\" sizes=\"auto, (max-width: 1024px) 100vw, 1024px\" \/><\/figure>\n\n\n\n<figure class=\"wp-block-image size-large\"><img loading=\"lazy\" decoding=\"async\" width=\"768\" height=\"1024\" data-id=\"140\" src=\"https:\/\/motorradfreunde-ssb.de\/wp-content\/uploads\/2024\/10\/TdK3-1-768x1024.jpeg\" alt=\"\" class=\"wp-image-140\" srcset=\"https:\/\/motorradfreunde-ssb.de\/wp-content\/uploads\/2024\/10\/TdK3-1-768x1024.jpeg 768w, https:\/\/motorradfreunde-ssb.de\/wp-content\/uploads\/2024\/10\/TdK3-1-225x300.jpeg 225w, https:\/\/motorradfreunde-ssb.de\/wp-content\/uploads\/2024\/10\/TdK3-1-1152x1536.jpeg 1152w, https:\/\/motorradfreunde-ssb.de\/wp-content\/uploads\/2024\/10\/TdK3-1-1536x2048.jpeg 1536w, https:\/\/motorradfreunde-ssb.de\/wp-content\/uploads\/2024\/10\/TdK3-1-scaled.jpeg 1920w\" sizes=\"auto, (max-width: 768px) 100vw, 768px\" \/><\/figure>\n\n\n\n<figure class=\"wp-block-image size-large\"><img loading=\"lazy\" decoding=\"async\" width=\"768\" height=\"1024\" data-id=\"141\" src=\"https:\/\/motorradfreunde-ssb.de\/wp-content\/uploads\/2024\/10\/TdK2-1-768x1024.jpeg\" alt=\"\" class=\"wp-image-141\" srcset=\"https:\/\/motorradfreunde-ssb.de\/wp-content\/uploads\/2024\/10\/TdK2-1-768x1024.jpeg 768w, https:\/\/motorradfreunde-ssb.de\/wp-content\/uploads\/2024\/10\/TdK2-1-225x300.jpeg 225w, https:\/\/motorradfreunde-ssb.de\/wp-content\/uploads\/2024\/10\/TdK2-1-1152x1536.jpeg 1152w, https:\/\/motorradfreunde-ssb.de\/wp-content\/uploads\/2024\/10\/TdK2-1-1536x2048.jpeg 1536w, https:\/\/motorradfreunde-ssb.de\/wp-content\/uploads\/2024\/10\/TdK2-1-scaled.jpeg 1920w\" sizes=\"auto, (max-width: 768px) 100vw, 768px\" \/><\/figure>\n<\/figure>\n\n\n\n<ul class=\"wp-block-list\">\n<li style=\"font-size:26px\">21.07.2024 Angy&#8217;s Seest\u00fcble<\/li>\n<\/ul>\n\n\n\n<p class=\"has-small-font-size\">Um die sch\u00f6nen Str\u00e4\u00dfchen abzugrasen und die Fahrzeit etwas zu verk\u00fcrzen, ging es zuerst auf die A8 bis Wendlingen und weiter auf der B10 gen G\u00f6ppingen. Danach knabberten wir ein wenig an der Ostalb, cruisten durch den Rems-Murr-Kreis, schl\u00e4ngelten uns gen Limpurger Land und genossen w\u00e4hrend der gesamten Tour herrliche Ausblicke \u2013 zum Beispiel auf die Kaiserberge, kleine Hexenstr\u00e4\u00dfchen und breite Bahnen, um uns auch wieder vom Kleinklein zu erholen. F\u00fcr unsere Mittagspause hatten die Tourguides Uta &amp; Tibor \u201eAngy\u2019s Seest\u00fcble\u201c (www.angysseestueble.de) am Waldsee\/Fichtenberg auserkoren \u2013 ein lauschiges Pl\u00e4tzchen, um die Seele ein wenig baumeln zu lassen. Auf dem Heimweg haben wir dann doch tats\u00e4chlich noch ein paar Regentropfen abbekommen, aber das war bei der Hitze nicht der Rede wert &#8230; <br>Text: Uta &amp; Tibor<\/p>\n\n\n\n<ul class=\"wp-block-list\">\n<li style=\"font-size:26px\">23.06.2024 Schnitzel H\u00fctte<\/li>\n<\/ul>\n\n\n\n<p class=\"has-small-font-size\">Bei herrlichem Wetter machten sich am Sonntag 8 Motorr\u00e4der mit 10 Biker auf den Weg durch den Naturpark Stromberg\/ Heuchelberg und durch das Heilbronner Land. Unser Tourguide J\u00f6rg hat wieder einmal neue Str\u00e4\u00dfchen mit Kurven aller Art entdeckt und f\u00fchrte uns souver\u00e4n durch die h\u00fcgelige Landschaft. Die Ausblicke erfreuten die Teilnehmer immer wieder aufs Neue. Das kulinarische Highlight erwartete uns in der Schnitzelh\u00fctte in Ellhofen. Nicht nur die Gr\u00f6\u00dfe der Schnitzel begeisterte, auch der Geschmack war hervorragend. Die herrliche Aussicht und die liebevolle Ausstattung der Gastst\u00e4tte rundeten den guten Eindruck ab. \u00dcber die L\u00f6wensteiner\u00a0 Berge, Prevorst und Sulzbach an der Murr erreichten wir den gro\u00dfen Parkplatz kurz vor Fellbach. Dort endete unsere gem\u00fctliche und entspannte Tagesausfahrt. <br>Text: Geli<\/p>\n\n\n\n<ul class=\"wp-block-list\">\n<li style=\"font-size:26px\">07.-09.06.2024 Sportring Bikertreffen Unterreichenbach<\/li>\n<\/ul>\n\n\n\n<p class=\"has-small-font-size\">2023 in Friedrichroda k\u00fcndigten wir Stuttgarter die Ausrichtung des n\u00e4chsten Sportringtreffens an. Wir beschlossen vorstandschaftlich, als Veranstaltungsort nicht unser Clubheim zu w\u00e4hlen. Sondern uns ein Quartier im sch\u00f6nen Nordschwarzwald zu suchen. Denn unsere geliebte \u201eH\u00fctte\u201c ist f\u00fcr so viele Teilnehmer einfach zu klein. So einfach wie sich das liest, ist es in der Realit\u00e4t nicht: Unterk\u00fcnfte f\u00fcr 50 \u2013 60 Teilnehmer anfragen, Angebote vergleichen, Touren planen, Alternativtour f\u00fcr Nichtfahrer organisieren und vieles mehr. Mit vielen helfenden H\u00e4nden bekamen wir es letztendlich super gut hin! Sogar unser \u201eMannemer\u201c Michael bot sich als Tourguide f\u00fcr eine Truppe an.<br>Unsere Helfertruppe inklusiv Vorst\u00e4nden und Kassier reiste bereits donnerstags an und konnte so am Freitag alles in Ruhe vorbereiten: Verschiedene Standorte wurden besetzt, die Parkfl\u00e4che abgesperrt und beschildert u.v.m. Dann war es so weit: die ersten Biker rollten an. Geli Lademann und ich empfingen gegen\u00fcber der Rezeption die Sportringler, \u00fcberreichten die<br>Gastgeschenke und teilten Einlassb\u00e4nder aus. Unten am Parkplatz gab es als erstes ein erfrischendes Getr\u00e4nk, nachdem die Motorr\u00e4der geparkt worden waren. Denn als Wetterhexe hatte ich f\u00fcr trockenes, angenehm warmes Wetter gesorgt\u2026 Insgesamt begr\u00fc\u00dften wir an die 60 Teilnehmer und hatten gut 30 Motorr\u00e4dern ein Parkpl\u00e4tzchen zugewiesen \u2013 ein organisatorisches Wunderwerk, oder? Viele herzliche Begr\u00fc\u00dfungen, allerlei Benzingespr\u00e4che und die eine oder andere Hopfenkaltschale k\u00fchlte die ausgetrockneten Kehlen bis zum Abendessen. K\u00fcchenmeister Norbert hatte sich allerlei Leckeres einfallen lassen, damit die Biker wieder zu Kr\u00e4ften kamen.<br>Nach dem leckeren Buffet sorgte Erna Schw\u00e4tzele mit ihrer nassforschen Mundarteinlage f\u00fcr viel Gel\u00e4chter. Voller Vorfreude auf das tolle und abwechslungsreiche Samstagsprogramm hockten wir dann noch eine gute Weile auf der super Terrasse unseres Hotels. F\u00fcr Samstag hatten sich die Teilnehmer je nach Gusto f\u00fcr eine der drei unterschiedlich langen Motorradausfahrten in unseren geliebten, wundersch\u00f6nen Nordschwarzwald eingetragen oder trugen sich bei der Bustour \u201eBesucherbergwerk Frischgl\u00fcck &amp; Baumwipfelpfad Bad Wildbad\u201c ein. Nachdem unsere Motorradgruppen zum Kurvenfangen vom Hof gep\u00f6ttert waren, lie\u00df sich nun auch die Bustruppe gen Neuenb\u00fcrg zum Bergwerk chauffieren. Alle hatten sehr viel Spa\u00df \u2013 egal wo sie sich eingeschrieben hatten. Das gl\u00fcckliche Grinsen verschwand aus keinem der Gesichter. Zum einen lag das nat\u00fcrlich an den tollen Schwarzwaldtouren, der mega Bustour, aber auch an unserem fantastischen Hotel \u201eWaldhotel M\u00f6nchs\u201c (Kapfenhardt) Die komplette Hotelmannschaft stand uns stets mit Rat und Tat, Equipment und sogar leckerem Fingerfood f\u00fcr die Helferlein am Freitag zur Verf\u00fcgung. Freundliches, super schnelles Personal \u2026 Herrlich!<br>Eines unserer Highlights kam dann am Samstagabend: Hasan bot uns nachdem Abendessen mit seinen \u201eThe Dreamerz\u201c Livemucke vom Feinsten. The Dreamerz sind \u00fcbrigens ein SSB-Eigengew\u00e4chs!!!! Und wir Motorradfreunde sind und waren sehr stolz, dass Hasan mit seiner Truppe anreiste, um f\u00fcr uns zu spielen! Bis 23 Uhr folgte ein mega Song nach dem anderen und lie\u00df unsere nostalgischen Herzen mit Coversongs von The Rolling Stones \u00fcber Tina Turner, Queen und Billy Idol, um nur einige zu nennen, aufbl\u00fchen. Als einen der letzten Songs w\u00e4hlte Hasan \u201eHotel California\u201c (The Eagles) aus und spielte diesen Hit explizit f\u00fcr die ganze Hotelmannschaft \u2013 ein Dankesch\u00f6n f\u00fcr den unbeschreiblich tollen Service, die M\u00f6glichkeit dort auftreten zu d\u00fcrfen und die Motorradfreunde, die \u201eThe Dreamerz\u201c von Anfang an unterst\u00fctzen. Unsere flei\u00dfigen Kellnerinnen und Kellner haben sich unbeschreiblich gefreut, dass ihnen jemand extra ein Lied widmet, um sich zu bedanken\u2026da waren einige Augen ganz gro\u00df und etwas \u201ew\u00e4ssrig\u201c. Leider kommt dann, wie jedes Jahr, das Abschiednehmen von unseren jahrelangen Freunden. Wir als Organisatoren r\u00e4umen unser Equipment auf, packen unsere Taschen, bezahlen unsere Rechnungen und fahren gen Heimat\u2026<br>In diesem Jahr lief das Auschecken allerdings etwas anders: Unsere Hoteldirektorin, Sabine Blum, lie\u00df Tibor und mich nicht gehen, ohne dass sie sich nochmal \u00fcber unser Megaevent mit uns austauschte. Frau Blum ist eine derart herzliche Frau, dass es einem echt die Sprache verschl\u00e4gt! Wir kamen als Fremde, blieben als G\u00e4ste und gingen als Freunde \u2013 wo gibt es denn sowas noch?<br>Das Sportringtreffen 2025 richten unsere Wiesbadener Freunde vom 20. \u2013 22. Juni aus. Die Einladung kommt in K\u00fcrze.<br>Ich hoffe, dass wir Stuttgarter dort wieder omnipr\u00e4sent sein werden! <br>Text: Uta<br>Anbei der Link zu unserem Google-Fotoalbum:\u00a0\u00a0<strong><a href=\"https:\/\/photos.app.goo.gl\/z87QHX5ZShjQZiy18\" target=\"_blank\" rel=\"noreferrer noopener\">hier klicken<\/a><\/strong><\/p>\n\n\n\n<ul class=\"wp-block-list\">\n<li style=\"font-size:26px\">01.05.2024 Saisonstart mit Grillabschluss<\/li>\n<\/ul>\n\n\n\n<p class=\"has-small-font-size\">Dieses Mal hatten wir einen anderen Plan f\u00fcr unsere Traditionsausfahrt: Eine kleine feine Tour wie gehabt, aber kein Grillfestle im Clubheim nach der Ausfahrt. Wir hatten uns kurzerhand an eine Maifeier angeh\u00e4ngt. Unser Mitglied Bernhard Lemke empfahl uns das \u201eA Tavola\u201c in Remseck-Hochberg. Die Vereinsgastst\u00e4tte des SKV Hochberg bietet ein gro\u00dfes Sportgel\u00e4nde, einen ebensolchen Parkplatz und ist f\u00fcr seine fantastische italienische K\u00fcche, sowie den erstklassigen Service, weit \u00fcber Remseck hinaus bekannt. Bei einer Pinsa im Vorfeld steckten wir die Rahmenbedingungen fest, damit alles auch reibungslos funktioniert. Zur Motorradausfahrt fanden sich jede Menge Fahrhungrige ein \u2013 14 Motorr\u00e4der und 17 Personen! In zwei Gruppen aufgeteilt machten wir uns auf, um die 150 Kilometer lange Tour unseres Pr\u00e4sis Tibor zu genie\u00dfen. Es war nat\u00fcrlich wieder alles dabei \u2013 von breiter Bahn bis kleinklein und Kurven satt. Unterwegs gabelten wir noch unser Neumitglied Peter mit seiner Holden Kerstin auf und fuhren mit 18 Leutchen auf 15 Stahlr\u00f6ssern weiter. <br>Unser Pausenziel war ein lauschiger Biergarten, das \u201eParadies\u201c, unterhalb der Heuchelberger Warte. Hier konnten wir unseren Fl\u00fcssigkeitsbedarf mit Antialkoholika auff\u00fcllen und schattige Pl\u00e4tze aufsuchen. Der Wettergott hatte uns schon vormittags \u00fcber 20\u00b0C beschert \u2026<br>Gegen 15 Uhr rollten wir am A Tavola auf den Parkplatz. Hier bekam jeder Motorradfreund einen Aufkleber, damit die Mannschaft im A Tavola unseren Verzehr auch ordentlich auf eine Liste \u00fcbertragen konnte. Das Goody war dieses Mal n\u00e4mlich, dass wir vorstandschaftlich beschlossen hatten, das Essen und Getr\u00e4nke f\u00fcr alle zu \u00fcbernehmen. So konnten wir nach sch\u00f6ner Strecke auch alle gemeinsam das Grillfestle genie\u00dfen und hatten gen\u00fcgend Zeit, miteinander zu quatschen.<br>Aus unserer Sicht war unsere diesj\u00e4hrige 1.-Mai-Ausfahrt ein voller Erfolg! Summasummarum hatten sich 34 Motorradfreunde \u2013 mit oder ohne Motorrad in Hochberg eingefunden!Schaumrmal, was uns f\u00fcr 2025 einf\u00e4llt. Da wird allerdings der Augenmerk auf unser 30j\u00e4hriges Vereinsjubil\u00e4um liegen \u2026.<br>Text: Uta<br>Zum Google Fotoalbum:\u00a0\u00a0<strong><a href=\"https:\/\/photos.app.goo.gl\/xwcUtTaUjT4wAZSv6\" target=\"_blank\" rel=\"noreferrer noopener\">hier klicken<\/a><\/strong><\/p>\n\n\n\n<ul class=\"wp-block-list\">\n<li style=\"font-size:26px\">07.04.2024 Kaltstarttour f\u00fcr Winterharte<\/li>\n<\/ul>\n\n\n\n<p class=\"has-small-font-size\">Als Wetterhexe behielt ich das Wetter vor unserer ersten Tour im Jahr nat\u00fcrlich besonders im Auge. Meine Hexerei pustete diesmal nicht nur die Regenwolken weg, sondern lie\u00df auch die Temperaturen nach oben klettern. So einen \u201eKaltstart\u201c hatten wir seit Jahren nicht mehr! Oft wegen bescheidenem Wetter verschoben, ausgefallen \u2026 Am Clubheim parkten schon unz\u00e4hlig viele Motorr\u00e4der, lauter l\u00e4chelnde Leute winkten uns \u2026\u00a0 Als unser Tourguide J\u00f6rg kurz vor Tourstart durchz\u00e4hlte, waren 18 Motorr\u00e4der und 20 Leutchen auf dem Hof. Fluchs waren die Mitfahrenden in drei Sechsergruppen aufgeteilt. Andreas Jasper \u00fcbernahm neben Tibor und J\u00f6rg eine dritte Gruppe. Herzlichen Dank daf\u00fcr, Andreas! <br>So genossen wir die herrliche Strecke in kleinen Rudeln, fuhren entspannt die stellenweise recht kurvige Strecke mit Hochgenuss und freuten uns an all den bl\u00fchenden Str\u00e4uchern, B\u00e4umen und Blumen am Wegesrand. \u00dcber Weil im Sch\u00f6nbuch gen Rottenburg im sch\u00f6nen Neckartal, vorbei an Haigerloch nach Horb am Neckar und schlie\u00dflich \u00fcber Herrenberg nach Hause \u2013 wundersch\u00f6ne St\u00e4dtchen, D\u00f6rfchen zogen beim Cruisen an uns vorbei. Der Saharasand verhinderte zwar die klare Sicht, hielt aber auch die Temperaturen auf noch angenehmen ca. 25\u00b0C.<br>Unsere Mittagspause machten wir ausnahmsweise beim Burger King in Empfingen, weil auf Grund des \u201eWei\u00dfen Sonntags\u201c in keinem Restaurant oder Gasthaus an unserer Strecke eine Reservierung m\u00f6glich war. Wir freuten uns nicht nur an den fr\u00fchsommerlichen Temperaturen, sondern auch \u00fcber zwei G\u00e4ste und ein Neumitglied, die die herrliche Tour mit uns teilten. Bis zur ESSO in Hildrizhausen blieben wir hernach noch zusammen, trennten uns dann und fuhren alle \u00e4u\u00dferst gut gelaunt gen Heimat.<br>Danke, lieber J\u00f6rg f\u00fcr die herrlichen knapp 160 Kilometer \u201eWarmstart\u201c-Tour!<br>Das n\u00e4chste Highlight ist unser allj\u00e4hrliches Sicherheitstraining f\u00fcr unsere Mitglieder. Das empfehlen wir Neulingen, Wenigfahrern und \u201ealten Hasen\u201c sehr, da die Instruktoren uns doch das eine oder andere durch \u00dcben und Erkl\u00e4ren wieder ins Ged\u00e4chtnis rufen und uns den Rost aus den Gebeinen klopfen.<br>Text: Uta<br>Zum Google Fotoalbum:\u00a0\u00a0<strong><a href=\"https:\/\/photos.app.goo.gl\/A3ufxhqHXrTPctjW9\" target=\"_blank\" rel=\"noreferrer noopener\">hier klicken<\/a><\/strong><\/p>\n","protected":false},"excerpt":{"rendered":"<p>Als Wetterhexe hatte ich f\u00fcr unseren Saisonabschluss bestes Motorradwetter bestellt und geliefert bekommen. Am Clubheim trafen wir jedoch nur unseren treuen Mitfahrer Dietmar Thoms \u2026 sonst hatte sich keiner aus&#8230;<\/p>\n","protected":false},"author":1,"featured_media":0,"parent":109,"menu_order":3,"comment_status":"closed","ping_status":"closed","template":"","meta":{"_kad_post_transparent":"","_kad_post_title":"","_kad_post_layout":"","_kad_post_sidebar_id":"","_kad_post_content_style":"","_kad_post_vertical_padding":"","_kad_post_feature":"","_kad_post_feature_position":"","_kad_post_header":false,"_kad_post_footer":false,"_kad_post_classname":"","footnotes":""},"class_list":["post-324","page","type-page","status-publish","hentry"],"_links":{"self":[{"href":"https:\/\/motorradfreunde-ssb.de\/Start\/wp-json\/wp\/v2\/pages\/324","targetHints":{"allow":["GET"]}}],"collection":[{"href":"https:\/\/motorradfreunde-ssb.de\/Start\/wp-json\/wp\/v2\/pages"}],"about":[{"href":"https:\/\/motorradfreunde-ssb.de\/Start\/wp-json\/wp\/v2\/types\/page"}],"author":[{"embeddable":true,"href":"https:\/\/motorradfreunde-ssb.de\/Start\/wp-json\/wp\/v2\/users\/1"}],"replies":[{"embeddable":true,"href":"https:\/\/motorradfreunde-ssb.de\/Start\/wp-json\/wp\/v2\/comments?post=324"}],"version-history":[{"count":4,"href":"https:\/\/motorradfreunde-ssb.de\/Start\/wp-json\/wp\/v2\/pages\/324\/revisions"}],"predecessor-version":[{"id":331,"href":"https:\/\/motorradfreunde-ssb.de\/Start\/wp-json\/wp\/v2\/pages\/324\/revisions\/331"}],"up":[{"embeddable":true,"href":"https:\/\/motorradfreunde-ssb.de\/Start\/wp-json\/wp\/v2\/pages\/109"}],"wp:attachment":[{"href":"https:\/\/motorradfreunde-ssb.de\/Start\/wp-json\/wp\/v2\/media?parent=324"}],"curies":[{"name":"wp","href":"https:\/\/api.w.org\/{rel}","templated":true}]}}